{"id":403,"date":"2015-12-16T19:32:57","date_gmt":"2015-12-16T19:32:57","guid":{"rendered":"http:\/\/www.solsconcepts.com\/nl\/?page_id=403"},"modified":"2017-08-29T15:39:47","modified_gmt":"2017-08-29T15:39:47","slug":"accueil","status":"publish","type":"page","link":"https:\/\/www.solsconcepts.com\/nl\/","title":{"rendered":"Home"},"content":{"rendered":"<p>[vc_row][vc_column][vc_column_text]<\/p>\n<h1 style=\"text-align: center;\">Renovatie, schuren en behandeling van\u00a0vloeren<\/h1>\n<p>[\/vc_column_text][vc_row_inner][vc_column_inner width=&#8221;1\/2&#8243;][vc_column_text]<\/p>\n<p>Experts op de binnenlandse bodem, commerci\u00eble en industri\u00eble, vloerconcepten zet onze groep voor vele jaren ervaring tot uw dienst. Wij zijn gespecialiseerd in het cre\u00ebren, verwerken en renovatie van de vloer, zodat u kunt genieten in het comfort en duurzaam.<\/p>\n<p>Veel materialen die de vloeren van onze huizen en kantoren bekleden verliezen hun glans of worden beschadigd met verloop van tijd. Misschien leefde je in een herenhuis en kennen de teleurstelling van het zien van vlekken op uw vloer blauwe steen of marmer aangetast door de tijd en de elementen. In Grond Concepts, we helpen u de charme van uw bodem in edele stenen vinden, cre\u00ebren we uw aangepaste betonnen vloer, maak je terrazzo terrazzo met unreleased patronen of we het herstel van de betonplaat van uw berging. Wat je nodig hebt voor je verdieping, zullen de merken van onze groep je begeleiden; Traditie Granito, Emotion Stones en Passion Concrete.<\/p>\n<p>Om een beroep te doen op Sols Concepts is het kiezen van een gepassioneerd team en om naar haar klanten te luisteren.<\/p>\n<p>[\/vc_column_text][vc_btn title=&#8221;Heb je een project? Laten we er samen over praten&#8221; color=&#8221;warning&#8221; size=&#8221;lg&#8221; align=&#8221;center&#8221; link=&#8221;url:http%3A%2F%2Fwww.solsconcepts.com%2Fnl%2Fneem-contact-op%2F|title:Demande%20de%20contact||&#8221;][\/vc_column_inner][vc_column_inner width=&#8221;1\/2&#8243;][vc_column_text]<\/p>\n<p><img decoding=\"async\" loading=\"lazy\" class=\"aligncenter size-full wp-image-782\" src=\"https:\/\/www.solsconcepts.com\/wp-content\/uploads\/2015\/03\/renovation-traitement-sols-pierre-beton-1-2.jpg\" alt=\"Equipe Sols Concepts\" width=\"1000\" height=\"887\" srcset=\"https:\/\/www.solsconcepts.com\/wp-content\/uploads\/2015\/03\/renovation-traitement-sols-pierre-beton-1-2.jpg 1000w, https:\/\/www.solsconcepts.com\/wp-content\/uploads\/2015\/03\/renovation-traitement-sols-pierre-beton-1-2-300x266.jpg 300w, https:\/\/www.solsconcepts.com\/wp-content\/uploads\/2015\/03\/renovation-traitement-sols-pierre-beton-1-2-768x681.jpg 768w, https:\/\/www.solsconcepts.com\/wp-content\/uploads\/2015\/03\/renovation-traitement-sols-pierre-beton-1-2-930x825.jpg 930w\" sizes=\"(max-width: 1000px) 100vw, 1000px\" \/>[\/vc_column_text][\/vc_column_inner][\/vc_row_inner][\/vc_column][\/vc_row][vc_row][vc_column width=&#8221;1\/3&#8243;][vc_video link=&#8221;https:\/\/www.youtube.com\/watch?v=1rO-q0qYvkI&amp;feature=youtu.be&#8221; align=&#8221;center&#8221; title=&#8221;Emotion Pierres&#8221;][\/vc_column][vc_column width=&#8221;1\/3&#8243; link=&#8221;https:\/\/www.youtube.com\/watch?v=3S1GjaXiEpI&amp;feature=youtu.be&#8221; el_width=&#8221;100&#8243; el_aspect=&#8221;169&#8243; align=&#8221;center&#8221; title=&#8221;Passion b\u00e9ton&#8221;][vc_video link=&#8221;https:\/\/www.youtube.com\/watch?time_continue=1&amp;v=3S1GjaXiEpI&#8221; align=&#8221;center&#8221; title=&#8221;Passion B\u00e9ton&#8221;][\/vc_column][vc_column width=&#8221;1\/3&#8243;][vc_video link=&#8221;https:\/\/www.youtube.com\/watch?v=IvxTxCYTf9Q&amp;feature=youtu.be&#8221; align=&#8221;center&#8221; title=&#8221;Tradition Granito&#8221;][\/vc_column][\/vc_row][vc_row type=&#8221;full_width_background&#8221; top_padding=&#8221;10&#8243; bottom_padding=&#8221;10&#8243;][vc_column width=&#8221;1\/2&#8243;][media alignment=&#8221;center&#8221; animation=&#8221;top&#8221; image=&#8221;143&#8243; width=&#8221;250&#8243;][el_head dynamic_title=&#8221;Emotion pierres&#8221;][vc_row_inner][vc_column_inner width=&#8221;1\/2&#8243;][vc_column_text css_animation=&#8221;appear&#8221;]<\/p>\n<ul>\n<li style=\"text-align: left;\">Marmer<\/li>\n<li style=\"text-align: left;\">Graniet<\/li>\n<li style=\"text-align: left;\">Blauwe hardsteen<\/li>\n<li style=\"text-align: left;\">Poreuze steen<\/li>\n<li style=\"text-align: left;\">Granito<\/li>\n<li style=\"text-align: left;\">Terracotta<\/li>\n<li style=\"text-align: left;\">Cementtegels<\/li>\n<li style=\"text-align: left;\">Keramiek<\/li>\n<li style=\"text-align: left;\">Vloeren<\/li>\n<\/ul>\n<p>[\/vc_column_text][\/vc_column_inner][vc_column_inner width=&#8221;1\/2&#8243;][vc_column_text css_animation=&#8221;appear&#8221;]<\/p>\n<ul>\n<li style=\"text-align: left;\">Renovatie<\/li>\n<li style=\"text-align: left;\">Schuren, polijsten<\/li>\n<li style=\"text-align: left;\">Kristallisatie<\/li>\n<li style=\"text-align: left;\">Trappen, haarden,\u2026<\/li>\n<li style=\"text-align: left;\">Muren en voorgevels<\/li>\n<li style=\"text-align: left;\">Interventie na schade<\/li>\n<li style=\"text-align: left;\">Onderhoud<\/li>\n<li style=\"text-align: left;\">Expertise, advies<\/li>\n<li style=\"text-align: left;\">Technische opvolging<\/li>\n<\/ul>\n<p>[\/vc_column_text][\/vc_column_inner][\/vc_row_inner][\/vc_column][vc_column width=&#8221;1\/2&#8243;][media alignment=&#8221;center&#8221; animation=&#8221;top&#8221; image=&#8221;499&#8243; width=&#8221;250&#8243;][el_head dynamic_title=&#8221;Passion b\u00e9ton&#8221;][vc_row_inner][vc_column_inner width=&#8221;1\/2&#8243;][vc_column_text css_animation=&#8221;appear&#8221;]<\/p>\n<ul>\n<li style=\"text-align: left;\">Nieuwe of oude vloeren<\/li>\n<li style=\"text-align: left;\">Binnen- of buitenvloeren<\/li>\n<li style=\"text-align: left;\">Diamant Gepolijst beton<\/li>\n<li style=\"text-align: left;\">Gepolijst beton<\/li>\n<li style=\"text-align: left;\">Geboend beton<\/li>\n<li style=\"text-align: left;\">Particulieren<\/li>\n<li style=\"text-align: left;\">Commerci\u00eble oppervlaktes<\/li>\n<li style=\"text-align: left;\">Industri\u00eble vloeren<\/li>\n<\/ul>\n<p>[\/vc_column_text][\/vc_column_inner][vc_column_inner width=&#8221;1\/2&#8243;][vc_column_text css_animation=&#8221;appear&#8221;]<\/p>\n<ul>\n<li style=\"text-align: left;\">Renovatie<\/li>\n<li style=\"text-align: left;\">Herstelingen<\/li>\n<li style=\"text-align: left;\">Polijsten<\/li>\n<li style=\"text-align: left;\">Boucharderen<\/li>\n<li style=\"text-align: left;\">Behandeling<\/li>\n<li style=\"text-align: left;\">Onderhoud<\/li>\n<li style=\"text-align: left;\">Expertise, advies<\/li>\n<li style=\"text-align: left;\">Technische opvolging<\/li>\n<\/ul>\n<p>[\/vc_column_text][\/vc_column_inner][\/vc_row_inner][\/vc_column][\/vc_row][vc_row][vc_column width=&#8221;1\/3&#8243;][vc_gallery type=&#8221;nivo&#8221; interval=&#8221;3&#8243; images=&#8221;200,278,302,276,201&#8243; img_size=&#8221;full&#8221;][vc_button2 title=&#8221;Emotion Pierres website&#8221; align=&#8221;center&#8221; style=&#8221;square_outlined&#8221; link=&#8221;url:http%3A%2F%2Fwww.emotionpierres.com|title:Traitement%20et%20r%C3%A9novation%20des%20sols%20en%20pierre|target:%20_blank&#8221;][\/vc_column][vc_column width=&#8221;1\/3&#8243;][vc_gallery type=&#8221;nivo&#8221; interval=&#8221;3&#8243; images=&#8221;194,196,197,195,275&#8243; img_size=&#8221;full&#8221;][vc_button2 title=&#8221;Passion B\u00e9ton pagina&#8221; align=&#8221;center&#8221; style=&#8221;square_outlined&#8221; color=&#8221;green&#8221; link=&#8221;url:https%3A%2F%2Fwww.solsconcepts.com%2Fnl%2Fpassion-beton%2F|title:Traitement%20et%20r%C3%A9novation%20des%20sols%20en%20pierre||&#8221;][\/vc_column][vc_column width=&#8221;1\/3&#8243;][vc_gallery type=&#8221;nivo&#8221; interval=&#8221;3&#8243; images=&#8221;761,762,763,133,131&#8243; img_size=&#8221;full&#8221;][vc_button2 title=&#8221;Tradition Granito pagina&#8221; align=&#8221;center&#8221; style=&#8221;square_outlined&#8221; color=&#8221;violet&#8221; link=&#8221;url:http%3A%2F%2Fwww.solsconcepts.com%2Fpassion-beton|title:Traitement%20et%20r%C3%A9novation%20des%20sols%20en%20pierre|&#8221;][\/vc_column][\/vc_row][vc_row][vc_column][vc_video link=&#8221;https:\/\/www.youtube.com\/watch?v=t724xOFT41M&#8221; title=&#8221;Schuren van beton in Parijs (renovatie) \u2013 Bouygues LVMH&#8221;][\/vc_column][\/vc_row]<\/p>\n","protected":false},"excerpt":{"rendered":"<p>[vc_row][vc_column][vc_column_text] Renovatie, schuren en behandeling van\u00a0vloeren [\/vc_column_text][vc_row_inner][vc_column_inner width=&#8221;1\/2&#8243;][vc_column_text] Experts op de binnenlandse bodem, commerci\u00eble en industri\u00eble, vloerconcepten zet onze groep voor vele jaren ervaring tot uw dienst. Wij zijn gespecialiseerd in het cre\u00ebren, verwerken en renovatie van de vloer, zodat u kunt genieten in het comfort en duurzaam. Veel materialen die de vloeren van onze<\/p>\n","protected":false},"author":1,"featured_media":0,"parent":0,"menu_order":0,"comment_status":"closed","ping_status":"open","template":"","meta":{"footnotes":""},"_links":{"self":[{"href":"https:\/\/www.solsconcepts.com\/nl\/wp-json\/wp\/v2\/pages\/403"}],"collection":[{"href":"https:\/\/www.solsconcepts.com\/nl\/wp-json\/wp\/v2\/pages"}],"about":[{"href":"https:\/\/www.solsconcepts.com\/nl\/wp-json\/wp\/v2\/types\/page"}],"author":[{"embeddable":true,"href":"https:\/\/www.solsconcepts.com\/nl\/wp-json\/wp\/v2\/users\/1"}],"replies":[{"embeddable":true,"href":"https:\/\/www.solsconcepts.com\/nl\/wp-json\/wp\/v2\/comments?post=403"}],"version-history":[{"count":17,"href":"https:\/\/www.solsconcepts.com\/nl\/wp-json\/wp\/v2\/pages\/403\/revisions"}],"predecessor-version":[{"id":846,"href":"https:\/\/www.solsconcepts.com\/nl\/wp-json\/wp\/v2\/pages\/403\/revisions\/846"}],"wp:attachment":[{"href":"https:\/\/www.solsconcepts.com\/nl\/wp-json\/wp\/v2\/media?parent=403"}],"curies":[{"name":"wp","href":"https:\/\/api.w.org\/{rel}","templated":true}]}}